{"id":207,"date":"2020-03-05T14:44:06","date_gmt":"2020-03-05T13:44:06","guid":{"rendered":"http:\/\/wp.canola.se\/?page_id=207"},"modified":"2024-01-16T21:57:39","modified_gmt":"2024-01-16T20:57:39","slug":"om-oss","status":"publish","type":"page","link":"https:\/\/www.canola.se\/?page_id=207","title":{"rendered":""},"content":{"rendered":"<div id=\"themify_builder_content-207\" data-postid=\"207\" class=\"themify_builder_content themify_builder_content-207 themify_builder\">\n    \t<!-- module_row -->\n\t<div  class=\"themify_builder_row module_row clearfix fullcover module_row_0 themify_builder_207_row module_row_207-0 tb_k6z7395\">\n\t    <div class=\"builder_row_cover\"><\/div>\t    <div class=\"row_inner col_align_top\" >\n\t\t\t<div  class=\"module_column tb-column col-full first tb_207_column module_column_0 module_column_207-0-0 tb_cs7c396\" >\n\t    \t    \t<\/div>\n\t\t    <\/div>\n\t    <!-- \/row_inner -->\n\t<\/div>\n\t<!-- \/module_row -->\n\t\t<!-- module_row -->\n\t<div  class=\"themify_builder_row module_row clearfix module_row_1 themify_builder_207_row module_row_207-1 tb_s3kz697\">\n\t    \t    <div class=\"row_inner col_align_top\" >\n\t\t\t<div  class=\"module_column tb-column col-full first tb_207_column module_column_0 module_column_207-1-0 tb_o9pb706\" >\n\t    \t    \t        <div class=\"tb-column-inner\">\n\t\t    <!-- module text -->\n<div  class=\"module module-text text-207-1-0-0     tb_i3jh707\">\n            <div  class=\"tb_text_wrap\">\n    <h2>Canola en l\u00e5ngsiktig investerare<\/h2>    <\/div>\n<\/div>\n<!-- \/module text -->\n\t<div  class=\"themify_builder_sub_row module_subrow clearfix sub_row_1-0-1 tb_j27d707\" >\n\t    \t    <div class=\"subrow_inner col_align_top\" >\n\t\t\t<div  class=\"col2-1 sub_column module_column first sub_column_post_207 sub_column_1-0-1-0 tb_3i2i708\"> \n\t    \t    \t        <div class=\"tb-column-inner\">\n\t\t    <!-- module text -->\n<div  class=\"module module-text text-207-sub_row_1-0-1-0-0     tb_hnqp709\">\n            <div  class=\"tb_text_wrap\">\n    <p>Canola investerar l\u00e5ngsiktigt b\u00e5de i noterade och onoterade f\u00f6retag.<\/p>\n<p>Portf\u00f6ljen med noterade f\u00f6retag inneh\u00e5ller b\u00e5de en bred svensk b\u00f6rsportf\u00f6lj och n\u00e5gra strategiska innehav d\u00e4r en st\u00f6rre investering har gjorts med med ett l\u00e5ngsiktigt perspektiv. Investeringar i onoterade f\u00f6retag g\u00f6rs fr\u00e4mst d\u00e4r Canola genom aktivt styrelsearbete \u00e4r med och bidrar till v\u00e4rdetillv\u00e4xt. En hel del investeringarna i onoterade f\u00f6retag g\u00f6rs tillsammans med andra investerare med kompletterande erfarenheter och kompetenser genom gemensamma bolag. Fr\u00e4msta exemplet p\u00e5 detta \u00e4r Investment AB Chiffonj\u00e9n som Jerry Fredriksson grundade tillsammans med ett tiotal entrepren\u00f6rsfamiljer 1990.<\/p>\n<p>Det v\u00e4rdem\u00e4ssigt st\u00f6rsta enskilda innehavet i Canolas portf\u00f6lj \u00e4r aktieinnehavet i <a href=\"https:\/\/www.spiltan.se\">Spiltan Invest<\/a> som investerar l\u00e5ngsiktig i entrepren\u00f6rsledda f\u00f6retag med tillv\u00e4xtpotential. Spiltan handlas NGM PepMarket.<\/p>\n<p><a href=\"https:\/\/senzime.com\/\">Senzime<\/a>, <a href=\"https:\/\/lammhultsdesigngroup.com\/\">Lammhults Design Group<\/a>, <a href=\"https:\/\/acuvi.com\/\">Acuvi<\/a>,\u00a0 och <a href=\"https:\/\/jltmobile.com\/sv\/\">JLT Mobile Computers<\/a> utg\u00f6r ocks\u00e5 strategiska innehav i Canolas noterade portf\u00f6lj.<\/p>    <\/div>\n<\/div>\n<!-- \/module text -->\n\t        <\/div>\n\t    \t<\/div>\n\t\t<div  class=\"col2-1 sub_column module_column last sub_column_post_207 sub_column_1-0-1-1 tb_j00c709\"> \n\t    \t    \t        <div class=\"tb-column-inner\">\n\t\t    <!-- module text -->\n<div  class=\"module module-text text-207-sub_row_1-0-1-1-0     tb_dprg710\">\n            <div  class=\"tb_text_wrap\">\n    <p>Det v\u00e4rdem\u00e4ssigt st\u00f6rsta onoterade innehavet \u00e5terfinns i <a href=\"http:\/\/www.chiffonjen.se\">Investment AB Chiffonj\u00e9n<\/a> som investerar l\u00e5ngsiktigt som minoritetsdel\u00e4gare i framg\u00e5ngsrika tillv\u00e4xtf\u00f6retag. Bolaget grundades 1990 av Jerry Fredriksson tillsammans med ett tiotal sm\u00e5l\u00e4ndska entrepren\u00f6rsfamiljer. Idag omfattar aktie\u00e4garen\u00e4tverket ett 50-tal entrepren\u00f6rsfamiljer med l\u00e5ng erfarenhet av f\u00f6retagande som arbetar tillsammans med Chiffonj\u00e9ns investeringar. Chiffonj\u00e9n har varit del\u00e4gare i Investment AB Spiltan sedan 2007. Idag \u00e4r \u00e4garandelen 2,2 % och utg\u00f6r det v\u00e4rdem\u00e4ssigt st\u00f6rsta innehavet.<\/p>\n<p>Canola \u00e4r st\u00f6rsta \u00e4garen i Chiffonj\u00e9n med 14,3 % av aktierna. Canolas VD Magnus Trast \u00e4r ocks\u00e5 VD i Investment AB Chiffonj\u00e9n.<\/p>    <\/div>\n<\/div>\n<!-- \/module text -->\n\t        <\/div>\n\t    \t<\/div>\n\t\t    <\/div>\n\t<\/div><!-- \/themify_builder_sub_row -->\n\t<!-- module text -->\n<div  class=\"module module-text text-207-1-0-2  repeat   tb_l3ia711\">\n            <div  class=\"tb_text_wrap\">\n    <p><b>Canola bidrar till v\u00e4rdetillv\u00e4xt genom aktivt styrelsearbete.<br \/><\/b><\/p>    <\/div>\n<\/div>\n<!-- \/module text -->\n\t        <\/div>\n\t    \t<\/div>\n\t\t    <\/div>\n\t    <!-- \/row_inner -->\n\t<\/div>\n\t<!-- \/module_row -->\n\t<\/div>\n","protected":false},"excerpt":{"rendered":"<p>Canola en l\u00e5ngsiktig investerare Canola investerar l\u00e5ngsiktigt b\u00e5de i noterade och onoterade f\u00f6retag. Portf\u00f6ljen med noterade f\u00f6retag inneh\u00e5ller b\u00e5de en bred svensk b\u00f6rsportf\u00f6lj och n\u00e5gra strategiska innehav d\u00e4r en st\u00f6rre investering har gjorts med med ett l\u00e5ngsiktigt perspektiv. Investeringar i onoterade f\u00f6retag g\u00f6rs fr\u00e4mst d\u00e4r Canola genom aktivt styrelsearbete \u00e4r med och bidrar till v\u00e4rdetillv\u00e4xt. [&hellip;]<\/p>\n","protected":false},"author":1,"featured_media":0,"parent":0,"menu_order":0,"comment_status":"closed","ping_status":"closed","template":"","meta":{"footnotes":""},"class_list":["post-207","page","type-page","status-publish","hentry","has-post-title","has-post-date","has-post-category","has-post-tag","has-post-comment","has-post-author",""],"yoast_head":"<!-- This site is optimized with the Yoast SEO plugin v27.4 - https:\/\/yoast.com\/product\/yoast-seo-wordpress\/ -->\n<title>-<\/title>\n<meta name=\"robots\" content=\"index, follow, max-snippet:-1, max-image-preview:large, max-video-preview:-1\" \/>\n<link rel=\"canonical\" href=\"https:\/\/www.canola.se\/?page_id=207\" \/>\n<meta property=\"og:locale\" content=\"sv_SE\" \/>\n<meta property=\"og:type\" content=\"article\" \/>\n<meta property=\"og:title\" content=\"-\" \/>\n<meta property=\"og:description\" content=\"Canola en l\u00e5ngsiktig investerare Canola investerar l\u00e5ngsiktigt b\u00e5de i noterade och onoterade f\u00f6retag. Portf\u00f6ljen med noterade f\u00f6retag inneh\u00e5ller b\u00e5de en bred svensk b\u00f6rsportf\u00f6lj och n\u00e5gra strategiska innehav d\u00e4r en st\u00f6rre investering har gjorts med med ett l\u00e5ngsiktigt perspektiv. Investeringar i onoterade f\u00f6retag g\u00f6rs fr\u00e4mst d\u00e4r Canola genom aktivt styrelsearbete \u00e4r med och bidrar till v\u00e4rdetillv\u00e4xt. [&hellip;]\" \/>\n<meta property=\"og:url\" content=\"https:\/\/www.canola.se\/?page_id=207\" \/>\n<meta property=\"article:modified_time\" content=\"2024-01-16T20:57:39+00:00\" \/>\n<meta name=\"twitter:card\" content=\"summary_large_image\" \/>\n<script type=\"application\/ld+json\" class=\"yoast-schema-graph\">{\"@context\":\"https:\\\/\\\/schema.org\",\"@graph\":[{\"@type\":\"WebPage\",\"@id\":\"https:\\\/\\\/www.canola.se\\\/?page_id=207\",\"url\":\"https:\\\/\\\/www.canola.se\\\/?page_id=207\",\"name\":\"-\",\"isPartOf\":{\"@id\":\"https:\\\/\\\/www.canola.se\\\/#website\"},\"datePublished\":\"2020-03-05T13:44:06+00:00\",\"dateModified\":\"2024-01-16T20:57:39+00:00\",\"inLanguage\":\"sv-SE\",\"potentialAction\":[{\"@type\":\"ReadAction\",\"target\":[\"https:\\\/\\\/www.canola.se\\\/?page_id=207\"]}]},{\"@type\":\"WebSite\",\"@id\":\"https:\\\/\\\/www.canola.se\\\/#website\",\"url\":\"https:\\\/\\\/www.canola.se\\\/\",\"name\":\"\",\"description\":\"\",\"publisher\":{\"@id\":\"https:\\\/\\\/www.canola.se\\\/#organization\"},\"potentialAction\":[{\"@type\":\"SearchAction\",\"target\":{\"@type\":\"EntryPoint\",\"urlTemplate\":\"https:\\\/\\\/www.canola.se\\\/?s={search_term_string}\"},\"query-input\":{\"@type\":\"PropertyValueSpecification\",\"valueRequired\":true,\"valueName\":\"search_term_string\"}}],\"inLanguage\":\"sv-SE\"},{\"@type\":\"Organization\",\"@id\":\"https:\\\/\\\/www.canola.se\\\/#organization\",\"name\":\"Canola AB\",\"url\":\"https:\\\/\\\/www.canola.se\\\/\",\"logo\":{\"@type\":\"ImageObject\",\"inLanguage\":\"sv-SE\",\"@id\":\"https:\\\/\\\/www.canola.se\\\/#\\\/schema\\\/logo\\\/image\\\/\",\"url\":\"https:\\\/\\\/www.canola.se\\\/wp-content\\\/uploads\\\/2020\\\/03\\\/Canola_logo_sv.png\",\"contentUrl\":\"https:\\\/\\\/www.canola.se\\\/wp-content\\\/uploads\\\/2020\\\/03\\\/Canola_logo_sv.png\",\"width\":384,\"height\":327,\"caption\":\"Canola AB\"},\"image\":{\"@id\":\"https:\\\/\\\/www.canola.se\\\/#\\\/schema\\\/logo\\\/image\\\/\"}}]}<\/script>\n<!-- \/ Yoast SEO plugin. -->","yoast_head_json":{"title":"-","robots":{"index":"index","follow":"follow","max-snippet":"max-snippet:-1","max-image-preview":"max-image-preview:large","max-video-preview":"max-video-preview:-1"},"canonical":"https:\/\/www.canola.se\/?page_id=207","og_locale":"sv_SE","og_type":"article","og_title":"-","og_description":"Canola en l\u00e5ngsiktig investerare Canola investerar l\u00e5ngsiktigt b\u00e5de i noterade och onoterade f\u00f6retag. Portf\u00f6ljen med noterade f\u00f6retag inneh\u00e5ller b\u00e5de en bred svensk b\u00f6rsportf\u00f6lj och n\u00e5gra strategiska innehav d\u00e4r en st\u00f6rre investering har gjorts med med ett l\u00e5ngsiktigt perspektiv. Investeringar i onoterade f\u00f6retag g\u00f6rs fr\u00e4mst d\u00e4r Canola genom aktivt styrelsearbete \u00e4r med och bidrar till v\u00e4rdetillv\u00e4xt. [&hellip;]","og_url":"https:\/\/www.canola.se\/?page_id=207","article_modified_time":"2024-01-16T20:57:39+00:00","twitter_card":"summary_large_image","schema":{"@context":"https:\/\/schema.org","@graph":[{"@type":"WebPage","@id":"https:\/\/www.canola.se\/?page_id=207","url":"https:\/\/www.canola.se\/?page_id=207","name":"-","isPartOf":{"@id":"https:\/\/www.canola.se\/#website"},"datePublished":"2020-03-05T13:44:06+00:00","dateModified":"2024-01-16T20:57:39+00:00","inLanguage":"sv-SE","potentialAction":[{"@type":"ReadAction","target":["https:\/\/www.canola.se\/?page_id=207"]}]},{"@type":"WebSite","@id":"https:\/\/www.canola.se\/#website","url":"https:\/\/www.canola.se\/","name":"","description":"","publisher":{"@id":"https:\/\/www.canola.se\/#organization"},"potentialAction":[{"@type":"SearchAction","target":{"@type":"EntryPoint","urlTemplate":"https:\/\/www.canola.se\/?s={search_term_string}"},"query-input":{"@type":"PropertyValueSpecification","valueRequired":true,"valueName":"search_term_string"}}],"inLanguage":"sv-SE"},{"@type":"Organization","@id":"https:\/\/www.canola.se\/#organization","name":"Canola AB","url":"https:\/\/www.canola.se\/","logo":{"@type":"ImageObject","inLanguage":"sv-SE","@id":"https:\/\/www.canola.se\/#\/schema\/logo\/image\/","url":"https:\/\/www.canola.se\/wp-content\/uploads\/2020\/03\/Canola_logo_sv.png","contentUrl":"https:\/\/www.canola.se\/wp-content\/uploads\/2020\/03\/Canola_logo_sv.png","width":384,"height":327,"caption":"Canola AB"},"image":{"@id":"https:\/\/www.canola.se\/#\/schema\/logo\/image\/"}}]}},"builder_content":"<h2>Canola en l\u00e5ngsiktig investerare<\/h2>\n<p>Canola investerar l\u00e5ngsiktigt b\u00e5de i noterade och onoterade f\u00f6retag.<\/p> <p>Portf\u00f6ljen med noterade f\u00f6retag inneh\u00e5ller b\u00e5de en bred svensk b\u00f6rsportf\u00f6lj och n\u00e5gra strategiska innehav d\u00e4r en st\u00f6rre investering har gjorts med med ett l\u00e5ngsiktigt perspektiv. Investeringar i onoterade f\u00f6retag g\u00f6rs fr\u00e4mst d\u00e4r Canola genom aktivt styrelsearbete \u00e4r med och bidrar till v\u00e4rdetillv\u00e4xt. En hel del investeringarna i onoterade f\u00f6retag g\u00f6rs tillsammans med andra investerare med kompletterande erfarenheter och kompetenser genom gemensamma bolag. Fr\u00e4msta exemplet p\u00e5 detta \u00e4r Investment AB Chiffonj\u00e9n som Jerry Fredriksson grundade tillsammans med ett tiotal entrepren\u00f6rsfamiljer 1990.<\/p> <p>Det v\u00e4rdem\u00e4ssigt st\u00f6rsta enskilda innehavet i Canolas portf\u00f6lj \u00e4r aktieinnehavet i <a href=\"https:\/\/www.spiltan.se\">Spiltan Invest<\/a> som investerar l\u00e5ngsiktig i entrepren\u00f6rsledda f\u00f6retag med tillv\u00e4xtpotential. Spiltan handlas NGM PepMarket.<\/p> <p><a href=\"https:\/\/senzime.com\/\">Senzime<\/a>, <a href=\"https:\/\/lammhultsdesigngroup.com\/\">Lammhults Design Group<\/a>, <a href=\"https:\/\/acuvi.com\/\">Acuvi<\/a>,\u00a0 och <a href=\"https:\/\/jltmobile.com\/sv\/\">JLT Mobile Computers<\/a> utg\u00f6r ocks\u00e5 strategiska innehav i Canolas noterade portf\u00f6lj.<\/p>\n<p>Det v\u00e4rdem\u00e4ssigt st\u00f6rsta onoterade innehavet \u00e5terfinns i <a href=\"http:\/\/www.chiffonjen.se\">Investment AB Chiffonj\u00e9n<\/a> som investerar l\u00e5ngsiktigt som minoritetsdel\u00e4gare i framg\u00e5ngsrika tillv\u00e4xtf\u00f6retag. Bolaget grundades 1990 av Jerry Fredriksson tillsammans med ett tiotal sm\u00e5l\u00e4ndska entrepren\u00f6rsfamiljer. Idag omfattar aktie\u00e4garen\u00e4tverket ett 50-tal entrepren\u00f6rsfamiljer med l\u00e5ng erfarenhet av f\u00f6retagande som arbetar tillsammans med Chiffonj\u00e9ns investeringar. Chiffonj\u00e9n har varit del\u00e4gare i Investment AB Spiltan sedan 2007. Idag \u00e4r \u00e4garandelen 2,2 % och utg\u00f6r det v\u00e4rdem\u00e4ssigt st\u00f6rsta innehavet.<\/p> <p>Canola \u00e4r st\u00f6rsta \u00e4garen i Chiffonj\u00e9n med 14,3 % av aktierna. Canolas VD Magnus Trast \u00e4r ocks\u00e5 VD i Investment AB Chiffonj\u00e9n.<\/p>\n<p><b>Canola bidrar till v\u00e4rdetillv\u00e4xt genom aktivt styrelsearbete.<br \/><\/b><\/p>","_links":{"self":[{"href":"https:\/\/www.canola.se\/index.php?rest_route=\/wp\/v2\/pages\/207","targetHints":{"allow":["GET"]}}],"collection":[{"href":"https:\/\/www.canola.se\/index.php?rest_route=\/wp\/v2\/pages"}],"about":[{"href":"https:\/\/www.canola.se\/index.php?rest_route=\/wp\/v2\/types\/page"}],"author":[{"embeddable":true,"href":"https:\/\/www.canola.se\/index.php?rest_route=\/wp\/v2\/users\/1"}],"replies":[{"embeddable":true,"href":"https:\/\/www.canola.se\/index.php?rest_route=%2Fwp%2Fv2%2Fcomments&post=207"}],"version-history":[{"count":77,"href":"https:\/\/www.canola.se\/index.php?rest_route=\/wp\/v2\/pages\/207\/revisions"}],"predecessor-version":[{"id":1163,"href":"https:\/\/www.canola.se\/index.php?rest_route=\/wp\/v2\/pages\/207\/revisions\/1163"}],"wp:attachment":[{"href":"https:\/\/www.canola.se\/index.php?rest_route=%2Fwp%2Fv2%2Fmedia&parent=207"}],"curies":[{"name":"wp","href":"https:\/\/api.w.org\/{rel}","templated":true}]}}