{"id":64,"date":"2011-09-21T20:26:51","date_gmt":"2011-09-21T18:26:51","guid":{"rendered":"http:\/\/wp.canola.se\/?page_id=64"},"modified":"2022-09-22T10:06:06","modified_gmt":"2022-09-22T08:06:06","slug":"agare","status":"publish","type":"page","link":"https:\/\/www.canola.se\/?page_id=64","title":{"rendered":"\u00c4gare"},"content":{"rendered":"<div id=\"themify_builder_content-64\" data-postid=\"64\" class=\"themify_builder_content themify_builder_content-64 themify_builder\">\n    \t<!-- module_row -->\n\t<div  class=\"themify_builder_row module_row clearfix module_row_0 themify_builder_64_row module_row_64-0 tb_7q6n751\">\n\t    \t    <div class=\"row_inner col_align_top\" >\n\t\t\t<div  class=\"module_column tb-column col-full first tb_64_column module_column_0 module_column_64-0-0 tb_74pj752\" >\n\t    \t    \t        <div class=\"tb-column-inner\">\n\t\t    <!-- module text -->\n<div  class=\"module module-text text-64-0-0-0     tb_czcq638\">\n            <div  class=\"tb_text_wrap\">\n    <p><strong>Canola<\/strong> \u00e4gs av Jerry Fredriksson tillsammans med s\u00f6nerna Magnus Trast, Henrik och Rickard Fredriksson.<\/p>    <\/div>\n<\/div>\n<!-- \/module text -->\n\t        <\/div>\n\t    \t<\/div>\n\t\t    <\/div>\n\t    <!-- \/row_inner -->\n\t<\/div>\n\t<!-- \/module_row -->\n\t<\/div>\n","protected":false},"excerpt":{"rendered":"<p>Canola \u00e4gs av Jerry Fredriksson tillsammans med s\u00f6nerna Magnus Trast, Henrik och Rickard Fredriksson.<\/p>\n","protected":false},"author":1,"featured_media":0,"parent":15,"menu_order":0,"comment_status":"closed","ping_status":"closed","template":"","meta":{"footnotes":""},"class_list":["post-64","page","type-page","status-publish","hentry","has-post-title","has-post-date","has-post-category","has-post-tag","has-post-comment","has-post-author",""],"yoast_head":"<!-- This site is optimized with the Yoast SEO plugin v27.4 - https:\/\/yoast.com\/product\/yoast-seo-wordpress\/ -->\n<title>\u00c4gare -<\/title>\n<meta name=\"robots\" content=\"index, follow, max-snippet:-1, max-image-preview:large, max-video-preview:-1\" \/>\n<link rel=\"canonical\" href=\"https:\/\/www.canola.se\/?page_id=64\" \/>\n<meta property=\"og:locale\" content=\"sv_SE\" \/>\n<meta property=\"og:type\" content=\"article\" \/>\n<meta property=\"og:title\" content=\"\u00c4gare -\" \/>\n<meta property=\"og:description\" content=\"Canola \u00e4gs av Jerry Fredriksson tillsammans med s\u00f6nerna Magnus Trast, Henrik och Rickard Fredriksson.\" \/>\n<meta property=\"og:url\" content=\"https:\/\/www.canola.se\/?page_id=64\" \/>\n<meta property=\"article:modified_time\" content=\"2022-09-22T08:06:06+00:00\" \/>\n<meta name=\"twitter:card\" content=\"summary_large_image\" \/>\n<script type=\"application\/ld+json\" class=\"yoast-schema-graph\">{\"@context\":\"https:\\\/\\\/schema.org\",\"@graph\":[{\"@type\":\"WebPage\",\"@id\":\"https:\\\/\\\/www.canola.se\\\/?page_id=64\",\"url\":\"https:\\\/\\\/www.canola.se\\\/?page_id=64\",\"name\":\"\u00c4gare -\",\"isPartOf\":{\"@id\":\"https:\\\/\\\/www.canola.se\\\/#website\"},\"datePublished\":\"2011-09-21T18:26:51+00:00\",\"dateModified\":\"2022-09-22T08:06:06+00:00\",\"breadcrumb\":{\"@id\":\"https:\\\/\\\/www.canola.se\\\/?page_id=64#breadcrumb\"},\"inLanguage\":\"sv-SE\",\"potentialAction\":[{\"@type\":\"ReadAction\",\"target\":[\"https:\\\/\\\/www.canola.se\\\/?page_id=64\"]}]},{\"@type\":\"BreadcrumbList\",\"@id\":\"https:\\\/\\\/www.canola.se\\\/?page_id=64#breadcrumb\",\"itemListElement\":[{\"@type\":\"ListItem\",\"position\":1,\"name\":\"Hem\",\"item\":\"https:\\\/\\\/www.canola.se\\\/\"},{\"@type\":\"ListItem\",\"position\":2,\"name\":\"Canola\",\"item\":\"https:\\\/\\\/www.canola.se\\\/\"},{\"@type\":\"ListItem\",\"position\":3,\"name\":\"\u00c4gare\"}]},{\"@type\":\"WebSite\",\"@id\":\"https:\\\/\\\/www.canola.se\\\/#website\",\"url\":\"https:\\\/\\\/www.canola.se\\\/\",\"name\":\"\",\"description\":\"\",\"publisher\":{\"@id\":\"https:\\\/\\\/www.canola.se\\\/#organization\"},\"potentialAction\":[{\"@type\":\"SearchAction\",\"target\":{\"@type\":\"EntryPoint\",\"urlTemplate\":\"https:\\\/\\\/www.canola.se\\\/?s={search_term_string}\"},\"query-input\":{\"@type\":\"PropertyValueSpecification\",\"valueRequired\":true,\"valueName\":\"search_term_string\"}}],\"inLanguage\":\"sv-SE\"},{\"@type\":\"Organization\",\"@id\":\"https:\\\/\\\/www.canola.se\\\/#organization\",\"name\":\"Canola AB\",\"url\":\"https:\\\/\\\/www.canola.se\\\/\",\"logo\":{\"@type\":\"ImageObject\",\"inLanguage\":\"sv-SE\",\"@id\":\"https:\\\/\\\/www.canola.se\\\/#\\\/schema\\\/logo\\\/image\\\/\",\"url\":\"https:\\\/\\\/www.canola.se\\\/wp-content\\\/uploads\\\/2020\\\/03\\\/Canola_logo_sv.png\",\"contentUrl\":\"https:\\\/\\\/www.canola.se\\\/wp-content\\\/uploads\\\/2020\\\/03\\\/Canola_logo_sv.png\",\"width\":384,\"height\":327,\"caption\":\"Canola AB\"},\"image\":{\"@id\":\"https:\\\/\\\/www.canola.se\\\/#\\\/schema\\\/logo\\\/image\\\/\"}}]}<\/script>\n<!-- \/ Yoast SEO plugin. -->","yoast_head_json":{"title":"\u00c4gare -","robots":{"index":"index","follow":"follow","max-snippet":"max-snippet:-1","max-image-preview":"max-image-preview:large","max-video-preview":"max-video-preview:-1"},"canonical":"https:\/\/www.canola.se\/?page_id=64","og_locale":"sv_SE","og_type":"article","og_title":"\u00c4gare -","og_description":"Canola \u00e4gs av Jerry Fredriksson tillsammans med s\u00f6nerna Magnus Trast, Henrik och Rickard Fredriksson.","og_url":"https:\/\/www.canola.se\/?page_id=64","article_modified_time":"2022-09-22T08:06:06+00:00","twitter_card":"summary_large_image","schema":{"@context":"https:\/\/schema.org","@graph":[{"@type":"WebPage","@id":"https:\/\/www.canola.se\/?page_id=64","url":"https:\/\/www.canola.se\/?page_id=64","name":"\u00c4gare -","isPartOf":{"@id":"https:\/\/www.canola.se\/#website"},"datePublished":"2011-09-21T18:26:51+00:00","dateModified":"2022-09-22T08:06:06+00:00","breadcrumb":{"@id":"https:\/\/www.canola.se\/?page_id=64#breadcrumb"},"inLanguage":"sv-SE","potentialAction":[{"@type":"ReadAction","target":["https:\/\/www.canola.se\/?page_id=64"]}]},{"@type":"BreadcrumbList","@id":"https:\/\/www.canola.se\/?page_id=64#breadcrumb","itemListElement":[{"@type":"ListItem","position":1,"name":"Hem","item":"https:\/\/www.canola.se\/"},{"@type":"ListItem","position":2,"name":"Canola","item":"https:\/\/www.canola.se\/"},{"@type":"ListItem","position":3,"name":"\u00c4gare"}]},{"@type":"WebSite","@id":"https:\/\/www.canola.se\/#website","url":"https:\/\/www.canola.se\/","name":"","description":"","publisher":{"@id":"https:\/\/www.canola.se\/#organization"},"potentialAction":[{"@type":"SearchAction","target":{"@type":"EntryPoint","urlTemplate":"https:\/\/www.canola.se\/?s={search_term_string}"},"query-input":{"@type":"PropertyValueSpecification","valueRequired":true,"valueName":"search_term_string"}}],"inLanguage":"sv-SE"},{"@type":"Organization","@id":"https:\/\/www.canola.se\/#organization","name":"Canola AB","url":"https:\/\/www.canola.se\/","logo":{"@type":"ImageObject","inLanguage":"sv-SE","@id":"https:\/\/www.canola.se\/#\/schema\/logo\/image\/","url":"https:\/\/www.canola.se\/wp-content\/uploads\/2020\/03\/Canola_logo_sv.png","contentUrl":"https:\/\/www.canola.se\/wp-content\/uploads\/2020\/03\/Canola_logo_sv.png","width":384,"height":327,"caption":"Canola AB"},"image":{"@id":"https:\/\/www.canola.se\/#\/schema\/logo\/image\/"}}]}},"builder_content":"<p><strong>Canola<\/strong> \u00e4gs av Jerry Fredriksson tillsammans med s\u00f6nerna Magnus Trast, Henrik och Rickard Fredriksson.<\/p>","_links":{"self":[{"href":"https:\/\/www.canola.se\/index.php?rest_route=\/wp\/v2\/pages\/64","targetHints":{"allow":["GET"]}}],"collection":[{"href":"https:\/\/www.canola.se\/index.php?rest_route=\/wp\/v2\/pages"}],"about":[{"href":"https:\/\/www.canola.se\/index.php?rest_route=\/wp\/v2\/types\/page"}],"author":[{"embeddable":true,"href":"https:\/\/www.canola.se\/index.php?rest_route=\/wp\/v2\/users\/1"}],"replies":[{"embeddable":true,"href":"https:\/\/www.canola.se\/index.php?rest_route=%2Fwp%2Fv2%2Fcomments&post=64"}],"version-history":[{"count":16,"href":"https:\/\/www.canola.se\/index.php?rest_route=\/wp\/v2\/pages\/64\/revisions"}],"predecessor-version":[{"id":1117,"href":"https:\/\/www.canola.se\/index.php?rest_route=\/wp\/v2\/pages\/64\/revisions\/1117"}],"up":[{"embeddable":true,"href":"https:\/\/www.canola.se\/index.php?rest_route=\/wp\/v2\/pages\/15"}],"wp:attachment":[{"href":"https:\/\/www.canola.se\/index.php?rest_route=%2Fwp%2Fv2%2Fmedia&parent=64"}],"curies":[{"name":"wp","href":"https:\/\/api.w.org\/{rel}","templated":true}]}}